{"id":157,"date":"2018-09-12T08:50:48","date_gmt":"2018-09-12T08:50:48","guid":{"rendered":"http:\/\/test1.schartel-web.de\/?page_id=157"},"modified":"2018-09-18T12:45:06","modified_gmt":"2018-09-18T12:45:06","slug":"solaranlage-befuellen","status":"publish","type":"page","link":"http:\/\/test1.schartel-web.de\/?page_id=157","title":{"rendered":"Solaranlage bef\u00fcllen"},"content":{"rendered":"<h1><span id=\"Kuehlfluessigkeit_der_Solaranlage_tauschen\">K\u00fchlfl\u00fcssigkeit der Solaranlage tauschen<\/span><\/h1><div id=\"toc_container\" class=\"toc_wrap_right toc_light_blue no_bullets\"><p class=\"toc_title\">Inhalt<\/p><ul class=\"toc_list\"><li><ul><li><\/li><li><\/li><li><\/li><li><\/li><\/ul><\/li><\/ul><\/div>\n\n<p>K\u00fchlfl\u00fcssigkeit:\u00a0cosmo solar wtf bis -30\u00b0 (getauscht:05.09.18)<\/p>\n<p><strong>Da bei meiner Anlage der Kugelhahn 2 ein R\u00fcckschlagventil ist,\u00a0 wird bei dieser Anlage umgekehrt bef\u00fcllt, wie allgemein \u00fcblich. Flie\u00dfrichtung der K\u00fchlfl\u00fcssigkeit ist\u00a0 R\u00fccklaufanschlu\u00df -&gt; Bef\u00fcllanschlu\u00df<a href=\"http:\/\/test1.schartel-web.de\/wp-content\/uploads\/2018\/09\/Kuehlfluessigkeit-der-Solaranlage-tauschen-Berechnung-Anlagendruck-internet_Seite_2.jpg\"> (siehe auch Blockschaltbild Solaranlage bef\u00fcllen (meine Anlage))<\/a>. Dies ist bei meiner Anlage wegen des R\u00fcckschlagventils Kugelhahn 2 erforderlich. Allgemein \u00fcbliche Flie\u00dfrichtung ist Bef\u00fcllanschlu\u00df -&gt; R\u00fccklaufanschlu\u00df (siehe auch\u00a0<a href=\"http:\/\/test1.schartel-web.de\/wp-content\/uploads\/2018\/09\/Kuehlfluessigkeit-der-Solaranlage-tauschen-Berechnung-Anlagendruck-internet_Seite_3.jpg\">Blockschaltbild Solaranlage bef\u00fcllen (Allgemein).<\/a> Ventilbezeichnungen (siehe unten stehendes Bild: Pumpe, Ventile Solaranlage (meine Anlage).<br \/>\n<\/strong><\/p>\n<h2><span id=\"1_Entleeren_der_Anlage\">1. Entleeren der Anlage<\/span><\/h2>\n<div id=\"attachment_487\" style=\"width: 235px\" class=\"wp-caption alignnone\"><a href=\"http:\/\/test1.schartel-web.de\/wp-content\/uploads\/2018\/09\/DHH-Solarthermie-Bild-Solarthermie-Keller_neu.jpg\"><img aria-describedby=\"caption-attachment-487\" decoding=\"async\" loading=\"lazy\" class=\"wp-image-487 size-medium\" src=\"http:\/\/test1.schartel-web.de\/wp-content\/uploads\/2018\/09\/DHH-Solarthermie-Bild-Solarthermie-Keller_neu-225x300.jpg\" alt=\"\" width=\"225\" height=\"300\" srcset=\"http:\/\/test1.schartel-web.de\/wp-content\/uploads\/2018\/09\/DHH-Solarthermie-Bild-Solarthermie-Keller_neu-225x300.jpg 225w, http:\/\/test1.schartel-web.de\/wp-content\/uploads\/2018\/09\/DHH-Solarthermie-Bild-Solarthermie-Keller_neu-768x1024.jpg 768w\" sizes=\"(max-width: 225px) 100vw, 225px\" \/><\/a><p id=\"caption-attachment-487\" class=\"wp-caption-text\">Bild Pumpe, Ventile Solaranlage (meine Anlage)<\/p><\/div>\n<p>&nbsp;<\/p>\n<p>&nbsp;<\/p>\n<ol>\n<li>Wegeventil in Bef\u00fcll\/Entleer-Stellung (Hebel querstellen)<\/li>\n<li>Schlauch mit Pumpe an R\u00fccklaufanschluss anschlie\u00dfen<\/li>\n<li>Schlauch an Bef\u00fcllanschluss anschliessen und anderes Ende in leeres Gef\u00e4\u00df leiten<\/li>\n<li>Kugelhahn 3 \u00f6ffnen (Fl\u00fcssigkeit entweicht)<\/li>\n<\/ol>\n<h2><span id=\"i\"><\/span><\/h2>\n<h2><span id=\"2_Befuellen_der_Anlage\">2. Bef\u00fcllen der Anlage<\/span><\/h2>\n<ol>\n<li>Wegeventil in Bef\u00fcll\/Entleer-Stellung (Hebel querstellen)<\/li>\n<li>Schlauch mit Pumpe an R\u00fccklaufanschluss anschlie\u00dfen, anderes Ende in Gef\u00e4p mit K\u00fchlfl\u00fcssigkeit.<\/li>\n<li>Schlauch an Bef\u00fcllanschuss anschliessen, anderes Ende in Gef\u00e4\u00df mit K\u00fchlfl\u00fcssigkeit.<\/li>\n<li>Kugelhahn 1 und Kugelhahn 3 \u00f6ffnen, Pumpe starten<\/li>\n<li>Durchfluss der Fl\u00fcssigkeit bis am Schlauch R\u00fccklaufanschluss nur K\u00fchlfl\u00fcssigkeit ohne Luftblasen entweicht.<\/li>\n<li>Kugelhahn 1 kurz teilweise \u00f6ffnen, damit Luft in diesem Zweig entweichen kann<\/li>\n<li>Kugelhahn 3 schlie\u00dfen<\/li>\n<li>Pumpe abstellen, wenn Druck von 3 bar am Manometer erreicht ist.<\/li>\n<li>Kugelhahn 2 und Kugelhahn 3 schlie\u00dfen<\/li>\n<li>Wegeventil in Betriebsstellung (Hebel senkrecht)<\/li>\n<li>Schl\u00e4uche abnehmen<\/li>\n<\/ol>\n<p>&nbsp;<\/p>\n<p>Ausdehnungsgef\u00e4\u00df mu\u00df einen Vordruck von 2,3 bar haben (Wert hier speziell f\u00fcr meinSystem).<\/p>\n<div id=\"attachment_482\" style=\"width: 222px\" class=\"wp-caption alignnone\"><a href=\"http:\/\/test1.schartel-web.de\/wp-content\/uploads\/2018\/09\/Kuehlfluessigkeit-der-Solaranlage-tauschen-Berechnung-Anlagendruck-internet_Seite_2.jpg\"><img aria-describedby=\"caption-attachment-482\" decoding=\"async\" loading=\"lazy\" class=\"wp-image-482 size-medium\" src=\"http:\/\/test1.schartel-web.de\/wp-content\/uploads\/2018\/09\/Kuehlfluessigkeit-der-Solaranlage-tauschen-Berechnung-Anlagendruck-internet_Seite_2-212x300.jpg\" alt=\"\" width=\"212\" height=\"300\" srcset=\"http:\/\/test1.schartel-web.de\/wp-content\/uploads\/2018\/09\/Kuehlfluessigkeit-der-Solaranlage-tauschen-Berechnung-Anlagendruck-internet_Seite_2-212x300.jpg 212w, http:\/\/test1.schartel-web.de\/wp-content\/uploads\/2018\/09\/Kuehlfluessigkeit-der-Solaranlage-tauschen-Berechnung-Anlagendruck-internet_Seite_2-768x1086.jpg 768w, http:\/\/test1.schartel-web.de\/wp-content\/uploads\/2018\/09\/Kuehlfluessigkeit-der-Solaranlage-tauschen-Berechnung-Anlagendruck-internet_Seite_2-724x1024.jpg 724w\" sizes=\"(max-width: 212px) 100vw, 212px\" \/><\/a><p id=\"caption-attachment-482\" class=\"wp-caption-text\">Blockschaltbild Solaranlage bef\u00fcllen (meine Anlage)<\/p><\/div>\n<p><strong>Die Bef\u00fcllungsrichtung bei meiner Anlage ist genau umgekehrt wie normalerweise, da bei mir der Kugelhahn2 ein R\u00fcckschlagventil ist. Bei normaler Bef\u00fcllungsrichtung w\u00fcrde das R\u00fcckschlagventil sperren und keine Fl\u00fcssigkeit durchlassen.<\/strong><\/p>\n<p>&nbsp;<\/p>\n<p>&nbsp;<\/p>\n<p>&nbsp;<\/p>\n<div id=\"attachment_483\" style=\"width: 222px\" class=\"wp-caption alignnone\"><a href=\"http:\/\/test1.schartel-web.de\/wp-content\/uploads\/2018\/09\/Kuehlfluessigkeit-der-Solaranlage-tauschen-Berechnung-Anlagendruck-internet_Seite_3.jpg\"><img aria-describedby=\"caption-attachment-483\" decoding=\"async\" loading=\"lazy\" class=\"wp-image-483 size-medium\" src=\"http:\/\/test1.schartel-web.de\/wp-content\/uploads\/2018\/09\/Kuehlfluessigkeit-der-Solaranlage-tauschen-Berechnung-Anlagendruck-internet_Seite_3-212x300.jpg\" alt=\"\" width=\"212\" height=\"300\" srcset=\"http:\/\/test1.schartel-web.de\/wp-content\/uploads\/2018\/09\/Kuehlfluessigkeit-der-Solaranlage-tauschen-Berechnung-Anlagendruck-internet_Seite_3-212x300.jpg 212w, http:\/\/test1.schartel-web.de\/wp-content\/uploads\/2018\/09\/Kuehlfluessigkeit-der-Solaranlage-tauschen-Berechnung-Anlagendruck-internet_Seite_3-768x1086.jpg 768w, http:\/\/test1.schartel-web.de\/wp-content\/uploads\/2018\/09\/Kuehlfluessigkeit-der-Solaranlage-tauschen-Berechnung-Anlagendruck-internet_Seite_3-724x1024.jpg 724w\" sizes=\"(max-width: 212px) 100vw, 212px\" \/><\/a><p id=\"caption-attachment-483\" class=\"wp-caption-text\">Blockschaltbild Solaranlage bef\u00fcllen (Allgemein)<\/p><\/div>\n<p>&nbsp;<\/p>\n<h2><span id=\"3_Berechnung_des_Anlagendruckes_hier_fuer_meine_Anlage\">3. Berechnung des Anlagendruckes (hier f\u00fcr meine Anlage):<\/span><\/h2>\n<p><strong>Ausgangspunkt: <\/strong>Druck am Kollektor: 1,5 bar<\/p>\n<p><strong>Statischer Druck:<\/strong> H\u00f6hendifferenz MAG (MembranAusdehnungsGef\u00e4\u00df)-Kollektor: 8m=0,8 bar (Gilt nur f\u00fcr meine Anlage)<\/p>\n<p><strong>MAG Druck<\/strong>=1,5 bar + statischer Druck = 1,5 bar + 0,8 bar =2,3 bar<\/p>\n<p><strong>Sicherheitsvorlage MAG<\/strong>=0,3-0,5 bar (ca. 3 Liter im MAG)<\/p>\n<p>Sicherheitszuschlag Entl\u00fcftung=0,2 bar =&gt;<\/p>\n<p><strong>Anlagendruck<\/strong>=MAG-Druck+Sicherheitsvorlage MAG + Sicherheitszuschlag Entl\u00fcftung=2,3 bar + 0,5 bar + 0,2 bar=3 \u00a0bar<\/p>\n<p>&nbsp;<\/p>\n<p><a href=\"http:\/\/test1.schartel-web.de\/wp-content\/uploads\/2018\/09\/Kuehlfluessigkeit-der-Solaranlage-tauschen-Berechnung-Anlagendruck-internet.pdf\">K\u00fchlfl\u00fcssigkeit der Solaranlage tauschen<\/a><\/p>\n","protected":false},"excerpt":{"rendered":"<p>K\u00fchlfl\u00fcssigkeit der Solaranlage tauschenInhalt K\u00fchlfl\u00fcssigkeit:\u00a0cosmo solar wtf bis -30\u00b0 (getauscht:05.09.18) Da bei meiner Anlage der Kugelhahn 2 ein R\u00fcckschlagventil ist,\u00a0 wird bei dieser Anlage umgekehrt bef\u00fcllt, wie allgemein \u00fcblich. Flie\u00dfrichtung der K\u00fchlfl\u00fcssigkeit ist\u00a0 R\u00fccklaufanschlu\u00df -&gt; Bef\u00fcllanschlu\u00df (siehe auch Blockschaltbild Solaranlage bef\u00fcllen (meine Anlage)). Dies ist bei meiner Anlage wegen des R\u00fcckschlagventils Kugelhahn 2 erforderlich. Allgemein [&hellip;]<\/p>\n","protected":false},"author":1,"featured_media":0,"parent":0,"menu_order":0,"comment_status":"closed","ping_status":"closed","template":"","meta":[],"_links":{"self":[{"href":"http:\/\/test1.schartel-web.de\/index.php?rest_route=\/wp\/v2\/pages\/157"}],"collection":[{"href":"http:\/\/test1.schartel-web.de\/index.php?rest_route=\/wp\/v2\/pages"}],"about":[{"href":"http:\/\/test1.schartel-web.de\/index.php?rest_route=\/wp\/v2\/types\/page"}],"author":[{"embeddable":true,"href":"http:\/\/test1.schartel-web.de\/index.php?rest_route=\/wp\/v2\/users\/1"}],"replies":[{"embeddable":true,"href":"http:\/\/test1.schartel-web.de\/index.php?rest_route=%2Fwp%2Fv2%2Fcomments&post=157"}],"version-history":[{"count":23,"href":"http:\/\/test1.schartel-web.de\/index.php?rest_route=\/wp\/v2\/pages\/157\/revisions"}],"predecessor-version":[{"id":507,"href":"http:\/\/test1.schartel-web.de\/index.php?rest_route=\/wp\/v2\/pages\/157\/revisions\/507"}],"wp:attachment":[{"href":"http:\/\/test1.schartel-web.de\/index.php?rest_route=%2Fwp%2Fv2%2Fmedia&parent=157"}],"curies":[{"name":"wp","href":"https:\/\/api.w.org\/{rel}","templated":true}]}}